{"id":31043,"date":"2024-07-04T14:07:14","date_gmt":"2024-07-04T12:07:14","guid":{"rendered":"https:\/\/ristorante100.ch\/politique-relative-aux-cookies\/"},"modified":"2026-02-17T14:06:35","modified_gmt":"2026-02-17T13:06:35","slug":"politique-relative-aux-cookies","status":"publish","type":"page","link":"https:\/\/ristorante100.ch\/fr\/politique-relative-aux-cookies\/","title":{"rendered":"Politique relative aux cookies"},"content":{"rendered":"\t\t<div data-elementor-type=\"wp-page\" data-elementor-id=\"31043\" class=\"elementor elementor-31043 elementor-30148\" data-elementor-post-type=\"page\">\n\t\t\t\t<div class=\"elementor-element elementor-element-3f54d08 e-flex e-con-boxed e-con e-parent\" data-id=\"3f54d08\" data-element_type=\"container\" data-e-type=\"container\" data-settings=\"{&quot;background_background&quot;:&quot;classic&quot;}\">\n\t\t\t\t\t<div class=\"e-con-inner\">\n\t\t\t\t<div class=\"elementor-element elementor-element-6353526 elementor-widget elementor-widget-heading\" data-id=\"6353526\" data-element_type=\"widget\" data-e-type=\"widget\" data-widget_type=\"heading.default\">\n\t\t\t\t<div class=\"elementor-widget-container\">\n\t\t\t\t\t<h2 class=\"elementor-heading-title elementor-size-default\">Politique relative aux cookies<\/h2>\t\t\t\t<\/div>\n\t\t\t\t<\/div>\n\t\t\t\t\t<\/div>\n\t\t\t\t<\/div>\n\t\t<div class=\"elementor-element elementor-element-e89d933 e-flex e-con-boxed e-con e-parent\" data-id=\"e89d933\" data-element_type=\"container\" data-e-type=\"container\" data-settings=\"{&quot;background_background&quot;:&quot;classic&quot;}\">\n\t\t\t\t\t<div class=\"e-con-inner\">\n\t\t\t\t<div class=\"elementor-element elementor-element-9ad0a4c elementor-widget elementor-widget-html\" data-id=\"9ad0a4c\" data-element_type=\"widget\" data-e-type=\"widget\" data-widget_type=\"html.default\">\n\t\t\t\t<div class=\"elementor-widget-container\">\n\t\t\t\t\t<a href=\"https:\/\/www.iubenda.com\/privacy-policy\/33718636\/cookie-policy\" class=\"iubenda-white no-brand iubenda-noiframe iubenda-embed iubenda-noiframe iub-body-embed\" title=\"Politique relative aux cookies\">Politique relative aux cookies<\/a><script type=\"text\/javascript\">(function (w,d) {var loader = function () {var s = d.createElement(\"script\"), tag = d.getElementsByTagName(\"script\")[0]; s.src=\"https:\/\/cdn.iubenda.com\/iubenda.js\"; tag.parentNode.insertBefore(s,tag);}; if(w.addEventListener){w.addEventListener(\"load\", loader, false);}else if(w.attachEvent){w.attachEvent(\"onload\", loader);}else{w.onload = loader;}})(window, document);<\/script>\t\t\t\t<\/div>\n\t\t\t\t<\/div>\n\t\t\t\t\t<\/div>\n\t\t\t\t<\/div>\n\t\t\t\t<\/div>\n\t\t","protected":false},"excerpt":{"rendered":"<p>Politique relative aux cookies Politique relative aux cookies<\/p>\n","protected":false},"author":1,"featured_media":0,"parent":0,"menu_order":0,"comment_status":"closed","ping_status":"closed","template":"","meta":{"_acf_changed":false,"site-sidebar-layout":"no-sidebar","site-content-layout":"","ast-site-content-layout":"full-width-container","site-content-style":"default","site-sidebar-style":"default","ast-global-header-display":"","ast-banner-title-visibility":"","ast-main-header-display":"","ast-hfb-above-header-display":"","ast-hfb-below-header-display":"","ast-hfb-mobile-header-display":"","site-post-title":"disabled","ast-breadcrumbs-content":"","ast-featured-img":"disabled","footer-sml-layout":"","ast-disable-related-posts":"","theme-transparent-header-meta":"","adv-header-id-meta":"","stick-header-meta":"","header-above-stick-meta":"","header-main-stick-meta":"","header-below-stick-meta":"","astra-migrate-meta-layouts":"default","ast-page-background-enabled":"default","ast-page-background-meta":{"desktop":{"background-color":"var(--ast-global-color-4)","background-image":"","background-repeat":"repeat","background-position":"center center","background-size":"auto","background-attachment":"scroll","background-type":"","background-media":"","overlay-type":"","overlay-color":"","overlay-opacity":"","overlay-gradient":""},"tablet":{"background-color":"","background-image":"","background-repeat":"repeat","background-position":"center center","background-size":"auto","background-attachment":"scroll","background-type":"","background-media":"","overlay-type":"","overlay-color":"","overlay-opacity":"","overlay-gradient":""},"mobile":{"background-color":"","background-image":"","background-repeat":"repeat","background-position":"center center","background-size":"auto","background-attachment":"scroll","background-type":"","background-media":"","overlay-type":"","overlay-color":"","overlay-opacity":"","overlay-gradient":""}},"ast-content-background-meta":{"desktop":{"background-color":"var(--ast-global-color-5)","background-image":"","background-repeat":"repeat","background-position":"center center","background-size":"auto","background-attachment":"scroll","background-type":"","background-media":"","overlay-type":"","overlay-color":"","overlay-opacity":"","overlay-gradient":""},"tablet":{"background-color":"var(--ast-global-color-5)","background-image":"","background-repeat":"repeat","background-position":"center center","background-size":"auto","background-attachment":"scroll","background-type":"","background-media":"","overlay-type":"","overlay-color":"","overlay-opacity":"","overlay-gradient":""},"mobile":{"background-color":"var(--ast-global-color-5)","background-image":"","background-repeat":"repeat","background-position":"center center","background-size":"auto","background-attachment":"scroll","background-type":"","background-media":"","overlay-type":"","overlay-color":"","overlay-opacity":"","overlay-gradient":""}},"footnotes":""},"class_list":["post-31043","page","type-page","status-publish","hentry"],"acf":[],"yoast_head":"<!-- This site is optimized with the Yoast SEO plugin v26.9 - https:\/\/yoast.com\/product\/yoast-seo-wordpress\/ -->\n<title>Ristorante Cento - Politique relative aux cookies<\/title>\n<meta name=\"description\" content=\"D\u00e9couvrez notre politique relative aux cookies et comment nous les utilisons pour am\u00e9liorer votre exp\u00e9rience sur le site, tout en garantissant la protection de vos donn\u00e9es personnelles.\" \/>\n<meta name=\"robots\" content=\"index, follow, max-snippet:-1, max-image-preview:large, max-video-preview:-1\" \/>\n<link rel=\"canonical\" href=\"https:\/\/ristorante100.ch\/fr\/politique-relative-aux-cookies\/\" \/>\n<meta property=\"og:locale\" content=\"fr_FR\" \/>\n<meta property=\"og:type\" content=\"article\" \/>\n<meta property=\"og:title\" content=\"Ristorante Cento - Politique relative aux cookies\" \/>\n<meta property=\"og:description\" content=\"D\u00e9couvrez notre politique relative aux cookies et comment nous les utilisons pour am\u00e9liorer votre exp\u00e9rience sur le site, tout en garantissant la protection de vos donn\u00e9es personnelles.\" \/>\n<meta property=\"og:url\" content=\"https:\/\/ristorante100.ch\/fr\/politique-relative-aux-cookies\/\" \/>\n<meta property=\"og:site_name\" content=\"Ristorante Cento\" \/>\n<meta property=\"article:publisher\" content=\"https:\/\/www.facebook.com\/ristorante.cento\/\" \/>\n<meta property=\"article:modified_time\" content=\"2026-02-17T13:06:35+00:00\" \/>\n<meta property=\"og:image\" content=\"https:\/\/ristorante100.ch\/wp-content\/uploads\/2024\/09\/Copertina-home-ristorante-100.jpg\" \/>\n\t<meta property=\"og:image:width\" content=\"1400\" \/>\n\t<meta property=\"og:image:height\" content=\"1324\" \/>\n\t<meta property=\"og:image:type\" content=\"image\/jpeg\" \/>\n<meta name=\"twitter:card\" content=\"summary_large_image\" \/>\n<script type=\"application\/ld+json\" class=\"yoast-schema-graph\">{\"@context\":\"https:\/\/schema.org\",\"@graph\":[{\"@type\":\"WebPage\",\"@id\":\"https:\/\/ristorante100.ch\/fr\/politique-relative-aux-cookies\/\",\"url\":\"https:\/\/ristorante100.ch\/fr\/politique-relative-aux-cookies\/\",\"name\":\"Ristorante Cento - Politique relative aux cookies\",\"isPartOf\":{\"@id\":\"https:\/\/ristorante100.ch\/fr\/#website\"},\"datePublished\":\"2024-07-04T12:07:14+00:00\",\"dateModified\":\"2026-02-17T13:06:35+00:00\",\"description\":\"D\u00e9couvrez notre politique relative aux cookies et comment nous les utilisons pour am\u00e9liorer votre exp\u00e9rience sur le site, tout en garantissant la protection de vos donn\u00e9es personnelles.\",\"breadcrumb\":{\"@id\":\"https:\/\/ristorante100.ch\/fr\/politique-relative-aux-cookies\/#breadcrumb\"},\"inLanguage\":\"fr-FR\",\"potentialAction\":[{\"@type\":\"ReadAction\",\"target\":[\"https:\/\/ristorante100.ch\/fr\/politique-relative-aux-cookies\/\"]}]},{\"@type\":\"BreadcrumbList\",\"@id\":\"https:\/\/ristorante100.ch\/fr\/politique-relative-aux-cookies\/#breadcrumb\",\"itemListElement\":[{\"@type\":\"ListItem\",\"position\":1,\"name\":\"Home\",\"item\":\"https:\/\/ristorante100.ch\/fr\/?page_id=31013\"},{\"@type\":\"ListItem\",\"position\":2,\"name\":\"Politique relative aux cookies\"}]},{\"@type\":\"WebSite\",\"@id\":\"https:\/\/ristorante100.ch\/fr\/#website\",\"url\":\"https:\/\/ristorante100.ch\/fr\/\",\"name\":\"Ristorante Cento\",\"description\":\"\",\"publisher\":{\"@id\":\"https:\/\/ristorante100.ch\/fr\/#organization\"},\"alternateName\":\"Ristorante Pizzeria Pasticceria e Panetteria Cento\",\"potentialAction\":[{\"@type\":\"SearchAction\",\"target\":{\"@type\":\"EntryPoint\",\"urlTemplate\":\"https:\/\/ristorante100.ch\/fr\/?s={search_term_string}\"},\"query-input\":{\"@type\":\"PropertyValueSpecification\",\"valueRequired\":true,\"valueName\":\"search_term_string\"}}],\"inLanguage\":\"fr-FR\"},{\"@type\":\"Organization\",\"@id\":\"https:\/\/ristorante100.ch\/fr\/#organization\",\"name\":\"Ristorante Cento\",\"alternateName\":\"Ristorante Pizzeria Panetteria e Pasticceria Cento\",\"url\":\"https:\/\/ristorante100.ch\/fr\/\",\"logo\":{\"@type\":\"ImageObject\",\"inLanguage\":\"fr-FR\",\"@id\":\"https:\/\/ristorante100.ch\/fr\/#\/schema\/logo\/image\/\",\"url\":\"https:\/\/ristorante100.ch\/wp-content\/uploads\/2024\/05\/Logo-bianco-nobg.png\",\"contentUrl\":\"https:\/\/ristorante100.ch\/wp-content\/uploads\/2024\/05\/Logo-bianco-nobg.png\",\"width\":389,\"height\":271,\"caption\":\"Ristorante Cento\"},\"image\":{\"@id\":\"https:\/\/ristorante100.ch\/fr\/#\/schema\/logo\/image\/\"},\"sameAs\":[\"https:\/\/www.facebook.com\/ristorante.cento\/\",\"https:\/\/www.instagram.com\/ristorante.cento\/\"]}]}<\/script>\n<!-- \/ Yoast SEO plugin. -->","yoast_head_json":{"title":"Ristorante Cento - Politique relative aux cookies","description":"D\u00e9couvrez notre politique relative aux cookies et comment nous les utilisons pour am\u00e9liorer votre exp\u00e9rience sur le site, tout en garantissant la protection de vos donn\u00e9es personnelles.","robots":{"index":"index","follow":"follow","max-snippet":"max-snippet:-1","max-image-preview":"max-image-preview:large","max-video-preview":"max-video-preview:-1"},"canonical":"https:\/\/ristorante100.ch\/fr\/politique-relative-aux-cookies\/","og_locale":"fr_FR","og_type":"article","og_title":"Ristorante Cento - Politique relative aux cookies","og_description":"D\u00e9couvrez notre politique relative aux cookies et comment nous les utilisons pour am\u00e9liorer votre exp\u00e9rience sur le site, tout en garantissant la protection de vos donn\u00e9es personnelles.","og_url":"https:\/\/ristorante100.ch\/fr\/politique-relative-aux-cookies\/","og_site_name":"Ristorante Cento","article_publisher":"https:\/\/www.facebook.com\/ristorante.cento\/","article_modified_time":"2026-02-17T13:06:35+00:00","og_image":[{"width":1400,"height":1324,"url":"https:\/\/ristorante100.ch\/wp-content\/uploads\/2024\/09\/Copertina-home-ristorante-100.jpg","type":"image\/jpeg"}],"twitter_card":"summary_large_image","schema":{"@context":"https:\/\/schema.org","@graph":[{"@type":"WebPage","@id":"https:\/\/ristorante100.ch\/fr\/politique-relative-aux-cookies\/","url":"https:\/\/ristorante100.ch\/fr\/politique-relative-aux-cookies\/","name":"Ristorante Cento - Politique relative aux cookies","isPartOf":{"@id":"https:\/\/ristorante100.ch\/fr\/#website"},"datePublished":"2024-07-04T12:07:14+00:00","dateModified":"2026-02-17T13:06:35+00:00","description":"D\u00e9couvrez notre politique relative aux cookies et comment nous les utilisons pour am\u00e9liorer votre exp\u00e9rience sur le site, tout en garantissant la protection de vos donn\u00e9es personnelles.","breadcrumb":{"@id":"https:\/\/ristorante100.ch\/fr\/politique-relative-aux-cookies\/#breadcrumb"},"inLanguage":"fr-FR","potentialAction":[{"@type":"ReadAction","target":["https:\/\/ristorante100.ch\/fr\/politique-relative-aux-cookies\/"]}]},{"@type":"BreadcrumbList","@id":"https:\/\/ristorante100.ch\/fr\/politique-relative-aux-cookies\/#breadcrumb","itemListElement":[{"@type":"ListItem","position":1,"name":"Home","item":"https:\/\/ristorante100.ch\/fr\/?page_id=31013"},{"@type":"ListItem","position":2,"name":"Politique relative aux cookies"}]},{"@type":"WebSite","@id":"https:\/\/ristorante100.ch\/fr\/#website","url":"https:\/\/ristorante100.ch\/fr\/","name":"Ristorante Cento","description":"","publisher":{"@id":"https:\/\/ristorante100.ch\/fr\/#organization"},"alternateName":"Ristorante Pizzeria Pasticceria e Panetteria Cento","potentialAction":[{"@type":"SearchAction","target":{"@type":"EntryPoint","urlTemplate":"https:\/\/ristorante100.ch\/fr\/?s={search_term_string}"},"query-input":{"@type":"PropertyValueSpecification","valueRequired":true,"valueName":"search_term_string"}}],"inLanguage":"fr-FR"},{"@type":"Organization","@id":"https:\/\/ristorante100.ch\/fr\/#organization","name":"Ristorante Cento","alternateName":"Ristorante Pizzeria Panetteria e Pasticceria Cento","url":"https:\/\/ristorante100.ch\/fr\/","logo":{"@type":"ImageObject","inLanguage":"fr-FR","@id":"https:\/\/ristorante100.ch\/fr\/#\/schema\/logo\/image\/","url":"https:\/\/ristorante100.ch\/wp-content\/uploads\/2024\/05\/Logo-bianco-nobg.png","contentUrl":"https:\/\/ristorante100.ch\/wp-content\/uploads\/2024\/05\/Logo-bianco-nobg.png","width":389,"height":271,"caption":"Ristorante Cento"},"image":{"@id":"https:\/\/ristorante100.ch\/fr\/#\/schema\/logo\/image\/"},"sameAs":["https:\/\/www.facebook.com\/ristorante.cento\/","https:\/\/www.instagram.com\/ristorante.cento\/"]}]}},"_links":{"self":[{"href":"https:\/\/ristorante100.ch\/fr\/wp-json\/wp\/v2\/pages\/31043","targetHints":{"allow":["GET"]}}],"collection":[{"href":"https:\/\/ristorante100.ch\/fr\/wp-json\/wp\/v2\/pages"}],"about":[{"href":"https:\/\/ristorante100.ch\/fr\/wp-json\/wp\/v2\/types\/page"}],"author":[{"embeddable":true,"href":"https:\/\/ristorante100.ch\/fr\/wp-json\/wp\/v2\/users\/1"}],"replies":[{"embeddable":true,"href":"https:\/\/ristorante100.ch\/fr\/wp-json\/wp\/v2\/comments?post=31043"}],"version-history":[{"count":2,"href":"https:\/\/ristorante100.ch\/fr\/wp-json\/wp\/v2\/pages\/31043\/revisions"}],"predecessor-version":[{"id":31045,"href":"https:\/\/ristorante100.ch\/fr\/wp-json\/wp\/v2\/pages\/31043\/revisions\/31045"}],"wp:attachment":[{"href":"https:\/\/ristorante100.ch\/fr\/wp-json\/wp\/v2\/media?parent=31043"}],"curies":[{"name":"wp","href":"https:\/\/api.w.org\/{rel}","templated":true}]}}