{"id":31205,"date":"2026-01-20T16:21:02","date_gmt":"2026-01-20T15:21:02","guid":{"rendered":"https:\/\/ristorante100.ch\/prodotto\/diner-mystere\/"},"modified":"2026-02-17T14:09:04","modified_gmt":"2026-02-17T13:09:04","slug":"diner-mystere","status":"publish","type":"product","link":"https:\/\/ristorante100.ch\/fr\/prodotto\/diner-mystere\/","title":{"rendered":"D\u00eener Myst\u00e8re"},"content":{"rendered":"<div class=\"page\" title=\"Page 2\">\n<div class=\"section\">\n<div class=\"layoutArea\">\n<div class=\"column\">\n<p><strong>D\u00ceNER MYST\u00c8RE \u2013 RISTORANTE CENTO<\/strong><\/p>\n<p>Bon d&rsquo;une valeur de CHF 45.\u2013<\/p>\n<p>Utilisable exclusivement pour le D\u00eener Myst\u00e8re<br \/>\n<span style=\"font-size: 16px; -webkit-text-size-adjust: 100%;\">du 13 f\u00e9vrier 2026 au Ristorante Cento.<\/span><\/p>\n<p>\u25a0 Magadino<\/p>\n<p>\u25a0 R\u00e9servation obligatoire<\/p>\n<p>Le bon n&rsquo;est pas convertible en esp\u00e8ces <span style=\"font-size: 16px; -webkit-text-size-adjust: 100%;\">et doit \u00eatre pr\u00e9sent\u00e9 \u00e0 l&rsquo;arriv\u00e9e<\/span><\/p>\n<\/div>\n<\/div>\n<\/div>\n<\/div>\n","protected":false},"excerpt":{"rendered":"<p style=\"text-align: left;\">Bons cadeaux \u00e0 utiliser pour une exp\u00e9rience culinaire au Ristorante Cento ou au Grotto Ca&rsquo;Nostra.<\/p>\n","protected":false},"featured_media":30965,"comment_status":"open","ping_status":"closed","template":"","meta":{"_acf_changed":false,"site-sidebar-layout":"default","site-content-layout":"","ast-site-content-layout":"default","site-content-style":"default","site-sidebar-style":"default","ast-global-header-display":"","ast-banner-title-visibility":"","ast-main-header-display":"","ast-hfb-above-header-display":"","ast-hfb-below-header-display":"","ast-hfb-mobile-header-display":"","site-post-title":"","ast-breadcrumbs-content":"","ast-featured-img":"","footer-sml-layout":"","ast-disable-related-posts":"","theme-transparent-header-meta":"default","adv-header-id-meta":"","stick-header-meta":"","header-above-stick-meta":"","header-main-stick-meta":"","header-below-stick-meta":"","astra-migrate-meta-layouts":"default","ast-page-background-enabled":"default","ast-page-background-meta":{"desktop":{"background-color":"var(--ast-global-color-4)","background-image":"","background-repeat":"repeat","background-position":"center center","background-size":"auto","background-attachment":"scroll","background-type":"","background-media":"","overlay-type":"","overlay-color":"","overlay-opacity":"","overlay-gradient":""},"tablet":{"background-color":"","background-image":"","background-repeat":"repeat","background-position":"center center","background-size":"auto","background-attachment":"scroll","background-type":"","background-media":"","overlay-type":"","overlay-color":"","overlay-opacity":"","overlay-gradient":""},"mobile":{"background-color":"","background-image":"","background-repeat":"repeat","background-position":"center center","background-size":"auto","background-attachment":"scroll","background-type":"","background-media":"","overlay-type":"","overlay-color":"","overlay-opacity":"","overlay-gradient":""}},"ast-content-background-meta":{"desktop":{"background-color":"var(--ast-global-color-5)","background-image":"","background-repeat":"repeat","background-position":"center center","background-size":"auto","background-attachment":"scroll","background-type":"","background-media":"","overlay-type":"","overlay-color":"","overlay-opacity":"","overlay-gradient":""},"tablet":{"background-color":"var(--ast-global-color-5)","background-image":"","background-repeat":"repeat","background-position":"center center","background-size":"auto","background-attachment":"scroll","background-type":"","background-media":"","overlay-type":"","overlay-color":"","overlay-opacity":"","overlay-gradient":""},"mobile":{"background-color":"var(--ast-global-color-5)","background-image":"","background-repeat":"repeat","background-position":"center center","background-size":"auto","background-attachment":"scroll","background-type":"","background-media":"","overlay-type":"","overlay-color":"","overlay-opacity":"","overlay-gradient":""}}},"product_brand":[],"product_cat":[60],"product_tag":[61,62],"class_list":{"0":"post-31205","1":"product","2":"type-product","3":"status-publish","4":"has-post-thumbnail","6":"product_cat-bons-cadeaux","7":"product_tag-bons","8":"product_tag-cadeau","9":"desktop-align-left","10":"tablet-align-left","11":"mobile-align-left","13":"first","14":"instock","15":"taxable","16":"shipping-taxable","17":"purchasable","18":"product-type-variable","19":"has-default-attributes"},"acf":[],"yoast_head":"<!-- This site is optimized with the Yoast SEO plugin v26.9 - https:\/\/yoast.com\/product\/yoast-seo-wordpress\/ -->\n<title>D\u00eener Myst\u00e8re - Ristorante Cento<\/title>\n<meta name=\"robots\" content=\"index, follow, max-snippet:-1, max-image-preview:large, max-video-preview:-1\" \/>\n<link rel=\"canonical\" href=\"https:\/\/ristorante100.ch\/fr\/prodotto\/diner-mystere\/\" \/>\n<meta property=\"og:locale\" content=\"fr_FR\" \/>\n<meta property=\"og:type\" content=\"article\" \/>\n<meta property=\"og:title\" content=\"D\u00eener Myst\u00e8re - Ristorante Cento\" \/>\n<meta property=\"og:description\" content=\"Bons cadeaux \u00e0 utiliser pour une exp\u00e9rience culinaire au Ristorante Cento ou au Grotto Ca&#039;Nostra.\" \/>\n<meta property=\"og:url\" content=\"https:\/\/ristorante100.ch\/fr\/prodotto\/diner-mystere\/\" \/>\n<meta property=\"og:site_name\" content=\"Ristorante Cento\" \/>\n<meta property=\"article:publisher\" content=\"https:\/\/www.facebook.com\/ristorante.cento\/\" \/>\n<meta property=\"article:modified_time\" content=\"2026-02-17T13:09:04+00:00\" \/>\n<meta property=\"og:image\" content=\"https:\/\/ristorante100.ch\/wp-content\/uploads\/2026\/01\/F2DADD14-019B-4047-AD65-A288BBA6B65C.jpeg\" \/>\n\t<meta property=\"og:image:width\" content=\"1424\" \/>\n\t<meta property=\"og:image:height\" content=\"1020\" \/>\n\t<meta property=\"og:image:type\" content=\"image\/jpeg\" \/>\n<meta name=\"twitter:card\" content=\"summary_large_image\" \/>\n<script type=\"application\/ld+json\" class=\"yoast-schema-graph\">{\"@context\":\"https:\/\/schema.org\",\"@graph\":[{\"@type\":\"WebPage\",\"@id\":\"https:\/\/ristorante100.ch\/fr\/prodotto\/diner-mystere\/\",\"url\":\"https:\/\/ristorante100.ch\/fr\/prodotto\/diner-mystere\/\",\"name\":\"D\u00eener Myst\u00e8re - Ristorante Cento\",\"isPartOf\":{\"@id\":\"https:\/\/ristorante100.ch\/fr\/#website\"},\"primaryImageOfPage\":{\"@id\":\"https:\/\/ristorante100.ch\/fr\/prodotto\/diner-mystere\/#primaryimage\"},\"image\":{\"@id\":\"https:\/\/ristorante100.ch\/fr\/prodotto\/diner-mystere\/#primaryimage\"},\"thumbnailUrl\":\"https:\/\/ristorante100.ch\/wp-content\/uploads\/2026\/01\/F2DADD14-019B-4047-AD65-A288BBA6B65C.jpeg\",\"datePublished\":\"2026-01-20T15:21:02+00:00\",\"dateModified\":\"2026-02-17T13:09:04+00:00\",\"breadcrumb\":{\"@id\":\"https:\/\/ristorante100.ch\/fr\/prodotto\/diner-mystere\/#breadcrumb\"},\"inLanguage\":\"fr-FR\",\"potentialAction\":[{\"@type\":\"ReadAction\",\"target\":[\"https:\/\/ristorante100.ch\/fr\/prodotto\/diner-mystere\/\"]}]},{\"@type\":\"ImageObject\",\"inLanguage\":\"fr-FR\",\"@id\":\"https:\/\/ristorante100.ch\/fr\/prodotto\/diner-mystere\/#primaryimage\",\"url\":\"https:\/\/ristorante100.ch\/wp-content\/uploads\/2026\/01\/F2DADD14-019B-4047-AD65-A288BBA6B65C.jpeg\",\"contentUrl\":\"https:\/\/ristorante100.ch\/wp-content\/uploads\/2026\/01\/F2DADD14-019B-4047-AD65-A288BBA6B65C.jpeg\",\"width\":1424,\"height\":1020},{\"@type\":\"BreadcrumbList\",\"@id\":\"https:\/\/ristorante100.ch\/fr\/prodotto\/diner-mystere\/#breadcrumb\",\"itemListElement\":[{\"@type\":\"ListItem\",\"position\":1,\"name\":\"Home\",\"item\":\"https:\/\/ristorante100.ch\/fr\/?page_id=31013\"},{\"@type\":\"ListItem\",\"position\":2,\"name\":\"Boutique\",\"item\":\"https:\/\/ristorante100.ch\/fr\/boutique\/\"},{\"@type\":\"ListItem\",\"position\":3,\"name\":\"D\u00eener Myst\u00e8re\"}]},{\"@type\":\"WebSite\",\"@id\":\"https:\/\/ristorante100.ch\/fr\/#website\",\"url\":\"https:\/\/ristorante100.ch\/fr\/\",\"name\":\"Ristorante Cento\",\"description\":\"\",\"publisher\":{\"@id\":\"https:\/\/ristorante100.ch\/fr\/#organization\"},\"alternateName\":\"Ristorante Pizzeria Pasticceria e Panetteria Cento\",\"potentialAction\":[{\"@type\":\"SearchAction\",\"target\":{\"@type\":\"EntryPoint\",\"urlTemplate\":\"https:\/\/ristorante100.ch\/fr\/?s={search_term_string}\"},\"query-input\":{\"@type\":\"PropertyValueSpecification\",\"valueRequired\":true,\"valueName\":\"search_term_string\"}}],\"inLanguage\":\"fr-FR\"},{\"@type\":\"Organization\",\"@id\":\"https:\/\/ristorante100.ch\/fr\/#organization\",\"name\":\"Ristorante Cento\",\"alternateName\":\"Ristorante Pizzeria Panetteria e Pasticceria Cento\",\"url\":\"https:\/\/ristorante100.ch\/fr\/\",\"logo\":{\"@type\":\"ImageObject\",\"inLanguage\":\"fr-FR\",\"@id\":\"https:\/\/ristorante100.ch\/fr\/#\/schema\/logo\/image\/\",\"url\":\"https:\/\/ristorante100.ch\/wp-content\/uploads\/2024\/05\/Logo-bianco-nobg.png\",\"contentUrl\":\"https:\/\/ristorante100.ch\/wp-content\/uploads\/2024\/05\/Logo-bianco-nobg.png\",\"width\":389,\"height\":271,\"caption\":\"Ristorante Cento\"},\"image\":{\"@id\":\"https:\/\/ristorante100.ch\/fr\/#\/schema\/logo\/image\/\"},\"sameAs\":[\"https:\/\/www.facebook.com\/ristorante.cento\/\",\"https:\/\/www.instagram.com\/ristorante.cento\/\"]}]}<\/script>\n<!-- \/ Yoast SEO plugin. -->","yoast_head_json":{"title":"D\u00eener Myst\u00e8re - Ristorante Cento","robots":{"index":"index","follow":"follow","max-snippet":"max-snippet:-1","max-image-preview":"max-image-preview:large","max-video-preview":"max-video-preview:-1"},"canonical":"https:\/\/ristorante100.ch\/fr\/prodotto\/diner-mystere\/","og_locale":"fr_FR","og_type":"article","og_title":"D\u00eener Myst\u00e8re - Ristorante Cento","og_description":"Bons cadeaux \u00e0 utiliser pour une exp\u00e9rience culinaire au Ristorante Cento ou au Grotto Ca'Nostra.","og_url":"https:\/\/ristorante100.ch\/fr\/prodotto\/diner-mystere\/","og_site_name":"Ristorante Cento","article_publisher":"https:\/\/www.facebook.com\/ristorante.cento\/","article_modified_time":"2026-02-17T13:09:04+00:00","og_image":[{"width":1424,"height":1020,"url":"https:\/\/ristorante100.ch\/wp-content\/uploads\/2026\/01\/F2DADD14-019B-4047-AD65-A288BBA6B65C.jpeg","type":"image\/jpeg"}],"twitter_card":"summary_large_image","schema":{"@context":"https:\/\/schema.org","@graph":[{"@type":"WebPage","@id":"https:\/\/ristorante100.ch\/fr\/prodotto\/diner-mystere\/","url":"https:\/\/ristorante100.ch\/fr\/prodotto\/diner-mystere\/","name":"D\u00eener Myst\u00e8re - Ristorante Cento","isPartOf":{"@id":"https:\/\/ristorante100.ch\/fr\/#website"},"primaryImageOfPage":{"@id":"https:\/\/ristorante100.ch\/fr\/prodotto\/diner-mystere\/#primaryimage"},"image":{"@id":"https:\/\/ristorante100.ch\/fr\/prodotto\/diner-mystere\/#primaryimage"},"thumbnailUrl":"https:\/\/ristorante100.ch\/wp-content\/uploads\/2026\/01\/F2DADD14-019B-4047-AD65-A288BBA6B65C.jpeg","datePublished":"2026-01-20T15:21:02+00:00","dateModified":"2026-02-17T13:09:04+00:00","breadcrumb":{"@id":"https:\/\/ristorante100.ch\/fr\/prodotto\/diner-mystere\/#breadcrumb"},"inLanguage":"fr-FR","potentialAction":[{"@type":"ReadAction","target":["https:\/\/ristorante100.ch\/fr\/prodotto\/diner-mystere\/"]}]},{"@type":"ImageObject","inLanguage":"fr-FR","@id":"https:\/\/ristorante100.ch\/fr\/prodotto\/diner-mystere\/#primaryimage","url":"https:\/\/ristorante100.ch\/wp-content\/uploads\/2026\/01\/F2DADD14-019B-4047-AD65-A288BBA6B65C.jpeg","contentUrl":"https:\/\/ristorante100.ch\/wp-content\/uploads\/2026\/01\/F2DADD14-019B-4047-AD65-A288BBA6B65C.jpeg","width":1424,"height":1020},{"@type":"BreadcrumbList","@id":"https:\/\/ristorante100.ch\/fr\/prodotto\/diner-mystere\/#breadcrumb","itemListElement":[{"@type":"ListItem","position":1,"name":"Home","item":"https:\/\/ristorante100.ch\/fr\/?page_id=31013"},{"@type":"ListItem","position":2,"name":"Boutique","item":"https:\/\/ristorante100.ch\/fr\/boutique\/"},{"@type":"ListItem","position":3,"name":"D\u00eener Myst\u00e8re"}]},{"@type":"WebSite","@id":"https:\/\/ristorante100.ch\/fr\/#website","url":"https:\/\/ristorante100.ch\/fr\/","name":"Ristorante Cento","description":"","publisher":{"@id":"https:\/\/ristorante100.ch\/fr\/#organization"},"alternateName":"Ristorante Pizzeria Pasticceria e Panetteria Cento","potentialAction":[{"@type":"SearchAction","target":{"@type":"EntryPoint","urlTemplate":"https:\/\/ristorante100.ch\/fr\/?s={search_term_string}"},"query-input":{"@type":"PropertyValueSpecification","valueRequired":true,"valueName":"search_term_string"}}],"inLanguage":"fr-FR"},{"@type":"Organization","@id":"https:\/\/ristorante100.ch\/fr\/#organization","name":"Ristorante Cento","alternateName":"Ristorante Pizzeria Panetteria e Pasticceria Cento","url":"https:\/\/ristorante100.ch\/fr\/","logo":{"@type":"ImageObject","inLanguage":"fr-FR","@id":"https:\/\/ristorante100.ch\/fr\/#\/schema\/logo\/image\/","url":"https:\/\/ristorante100.ch\/wp-content\/uploads\/2024\/05\/Logo-bianco-nobg.png","contentUrl":"https:\/\/ristorante100.ch\/wp-content\/uploads\/2024\/05\/Logo-bianco-nobg.png","width":389,"height":271,"caption":"Ristorante Cento"},"image":{"@id":"https:\/\/ristorante100.ch\/fr\/#\/schema\/logo\/image\/"},"sameAs":["https:\/\/www.facebook.com\/ristorante.cento\/","https:\/\/www.instagram.com\/ristorante.cento\/"]}]}},"_links":{"self":[{"href":"https:\/\/ristorante100.ch\/fr\/wp-json\/wp\/v2\/product\/31205","targetHints":{"allow":["GET"]}}],"collection":[{"href":"https:\/\/ristorante100.ch\/fr\/wp-json\/wp\/v2\/product"}],"about":[{"href":"https:\/\/ristorante100.ch\/fr\/wp-json\/wp\/v2\/types\/product"}],"replies":[{"embeddable":true,"href":"https:\/\/ristorante100.ch\/fr\/wp-json\/wp\/v2\/comments?post=31205"}],"wp:featuredmedia":[{"embeddable":true,"href":"https:\/\/ristorante100.ch\/fr\/wp-json\/wp\/v2\/media\/30965"}],"wp:attachment":[{"href":"https:\/\/ristorante100.ch\/fr\/wp-json\/wp\/v2\/media?parent=31205"}],"wp:term":[{"taxonomy":"product_brand","embeddable":true,"href":"https:\/\/ristorante100.ch\/fr\/wp-json\/wp\/v2\/product_brand?post=31205"},{"taxonomy":"product_cat","embeddable":true,"href":"https:\/\/ristorante100.ch\/fr\/wp-json\/wp\/v2\/product_cat?post=31205"},{"taxonomy":"product_tag","embeddable":true,"href":"https:\/\/ristorante100.ch\/fr\/wp-json\/wp\/v2\/product_tag?post=31205"}],"curies":[{"name":"wp","href":"https:\/\/api.w.org\/{rel}","templated":true}]}}